{"id":354,"date":"2024-05-05T19:59:00","date_gmt":"2024-05-05T19:59:00","guid":{"rendered":"https:\/\/vinabedalov.com\/home\/"},"modified":"2025-06-12T22:20:24","modified_gmt":"2025-06-12T20:20:24","slug":"home","status":"publish","type":"page","link":"https:\/\/vinabedalov.com\/en\/","title":{"rendered":"Home"},"content":{"rendered":"<div class=\"wp-block-uagb-container uagb-block-35bd4a95 alignfull uagb-is-root-container\">\n<div class=\"wp-block-uagb-container uagb-block-2fe53a72\">\n<div class=\"wp-block-uagb-info-box uagb-block-d835da9d uagb-infobox__content-wrap  uagb-infobox-icon-above-title uagb-infobox-image-valign-top wp-block-uagb-info-box--has-margin\"><div class=\"uagb-infobox-margin-wrapper\"><div class=\"uagb-ifb-content\"><div class=\"uagb-ifb-title-wrap\"><h1 class=\"uagb-ifb-title\"><strong>EXPLORE BEDALOV WINERY<\/strong><\/h1><\/div><\/div><\/div><\/div>\n\n\n\n<div class=\"wp-block-uagb-buttons uagb-buttons__outer-wrap uagb-btn__default-btn uagb-btn-tablet__default-btn uagb-btn-mobile__default-btn uagb-block-127f0f67\"><div class=\"uagb-buttons__wrap uagb-buttons-layout-wrap\">\n<div class=\"wp-block-uagb-buttons-child uagb-buttons__outer-wrap uagb-block-aa630a56 wp-block-button\"><div class=\"uagb-button__wrapper\"><a class=\"uagb-buttons-repeater wp-block-button__link\" aria-label=\"\" href=\"https:\/\/vinabedalov.com\/en\/kusanje-vina\/\" rel=\"follow noopener\" target=\"_self\" role=\"button\"><div class=\"uagb-button__link\">WINE TASTING<\/div><\/a><\/div><\/div>\n\n\n\n<div class=\"wp-block-uagb-buttons-child uagb-buttons__outer-wrap uagb-block-a73d9ec0 wp-block-button\"><div class=\"uagb-button__wrapper\"><a class=\"uagb-buttons-repeater wp-block-button__link\" aria-label=\"\" href=\"https:\/\/vinabedalov.com\/en\/shop\/\" rel=\"follow noopener\" target=\"_self\" role=\"button\"><div class=\"uagb-button__link\">Buy wine<\/div><\/a><\/div><\/div>\n<\/div><\/div>\n\n\n\n<div class=\"wp-block-uagb-icon-list uagb-block-aa59431d\"><div class=\"uagb-icon-list__wrap\">\n<div class=\"wp-block-uagb-icon-list-child uagb-block-fcc9a772\"><span class=\"uagb-icon-list__source-wrap\"><svg xmlns=\"https:\/\/www.w3.org\/2000\/svg\" viewbox=\"0 0 384 512\"><path d=\"M192 384c-8.188 0-16.38-3.125-22.62-9.375l-160-160c-12.5-12.5-12.5-32.75 0-45.25s32.75-12.5 45.25 0L192 306.8l137.4-137.4c12.5-12.5 32.75-12.5 45.25 0s12.5 32.75 0 45.25l-160 160C208.4 380.9 200.2 384 192 384z\"><\/path><\/svg><\/span><span class=\"uagb-icon-list__label\">Scroll Down<\/span><\/div>\n<\/div><\/div>\n<\/div>\n\n\n\n<div class=\"wp-block-uagb-container uagb-block-3451b6ab\">      \n\t\t\t<div class=\"uagb-icon-wrapper uagb-block-4de6e1b8\"\n\t\t\tstyle=\"\" >\n\t\t\t\t\t\t\t\t\t<span class=\"uagb-svg-wrapper\" \n\t\t\t\t\t aria-label=\"facebook-f\"\t\t\t\t\ttabindex=\"0\">\t\t\n\t\t\t\t\t\t\t\t\t\t<a rel=\"noopener noreferrer\" href=\"https:\/\/www.facebook.com\/VinaBedalov\/\" target=\"_self\"><svg xmlns=\"https:\/\/www.w3.org\/2000\/svg\" viewbox= \"0 0 320 512\" role=\"graphics-symbol\" aria-hidden=\"false\" aria-label=\"\"><path d=\"M279.1 288l14.22-92.66h-88.91v-60.13c0-25.35 12.42-50.06 52.24-50.06h40.42V6.26S260.4 0 225.4 0c-73.22 0-121.1 44.38-121.1 124.7v70.62H22.89V288h81.39v224h100.2V288z\"><\/path><\/svg><\/a>\n\t\t\t\t\t\t\t\t\t<\/span>\n\t\t\t\t\t\t\t<\/div>\n\t\t\t\n\n      \n\t\t\t<div class=\"uagb-icon-wrapper uagb-block-aedca869\"\n\t\t\tstyle=\"\" >\n\t\t\t\t\t\t\t\t\t<span class=\"uagb-svg-wrapper\" \n\t\t\t\t\t aria-label=\"instagram\"\t\t\t\t\ttabindex=\"0\">\t\t\n\t\t\t\t\t\t\t\t\t\t<a rel=\"noopener noreferrer\" href=\"https:\/\/www.instagram.com\/winerybedalov\/\" target=\"_self\"><svg xmlns=\"https:\/\/www.w3.org\/2000\/svg\" viewbox= \"0 0 448 512\" role=\"graphics-symbol\" aria-hidden=\"false\" aria-label=\"\"><path d=\"M224.1 141c-63.6 0-114.9 51.3-114.9 114.9s51.3 114.9 114.9 114.9S339 319.5 339 255.9 287.7 141 224.1 141zm0 189.6c-41.1 0-74.7-33.5-74.7-74.7s33.5-74.7 74.7-74.7 74.7 33.5 74.7 74.7-33.6 74.7-74.7 74.7zm146.4-194.3c0 14.9-12 26.8-26.8 26.8-14.9 0-26.8-12-26.8-26.8s12-26.8 26.8-26.8 26.8 12 26.8 26.8zm76.1 27.2c-1.7-35.9-9.9-67.7-36.2-93.9-26.2-26.2-58-34.4-93.9-36.2-37-2.1-147.9-2.1-184.9 0-35.8 1.7-67.6 9.9-93.9 36.1s-34.4 58-36.2 93.9c-2.1 37-2.1 147.9 0 184.9 1.7 35.9 9.9 67.7 36.2 93.9s58 34.4 93.9 36.2c37 2.1 147.9 2.1 184.9 0 35.9-1.7 67.7-9.9 93.9-36.2 26.2-26.2 34.4-58 36.2-93.9 2.1-37 2.1-147.8 0-184.8zM398.8 388c-7.8 19.6-22.9 34.7-42.6 42.6-29.5 11.7-99.5 9-132.1 9s-102.7 2.6-132.1-9c-19.6-7.8-34.7-22.9-42.6-42.6-11.7-29.5-9-99.5-9-132.1s-2.6-102.7 9-132.1c7.8-19.6 22.9-34.7 42.6-42.6 29.5-11.7 99.5-9 132.1-9s102.7-2.6 132.1 9c19.6 7.8 34.7 22.9 42.6 42.6 11.7 29.5 9 99.5 9 132.1s2.7 102.7-9 132.1z\"><\/path><\/svg><\/a>\n\t\t\t\t\t\t\t\t\t<\/span>\n\t\t\t\t\t\t\t<\/div>\n\t\t\t\n\n      \n\t\t\t<div class=\"uagb-icon-wrapper uagb-block-59af4dbf\"\n\t\t\tstyle=\"\" >\n\t\t\t\t\t\t\t\t\t<span class=\"uagb-svg-wrapper\" \n\t\t\t\t\t aria-label=\"envelope\"\t\t\t\t\ttabindex=\"0\">\t\t\n\t\t\t\t\t\t\t\t\t\t<a rel=\"noopener noreferrer\" href=\"http:\/\/vinabedalov@gmail.com\" target=\"_self\"><svg xmlns=\"https:\/\/www.w3.org\/2000\/svg\" viewbox= \"0 0 512 512\" role=\"graphics-symbol\" aria-hidden=\"false\" aria-label=\"\"><path d=\"M464 64C490.5 64 512 85.49 512 112C512 127.1 504.9 141.3 492.8 150.4L275.2 313.6C263.8 322.1 248.2 322.1 236.8 313.6L19.2 150.4C7.113 141.3 0 127.1 0 112C0 85.49 21.49 64 48 64H464zM217.6 339.2C240.4 356.3 271.6 356.3 294.4 339.2L512 176V384C512 419.3 483.3 448 448 448H64C28.65 448 0 419.3 0 384V176L217.6 339.2z\"><\/path><\/svg><\/a>\n\t\t\t\t\t\t\t\t\t<\/span>\n\t\t\t\t\t\t\t<\/div>\n\t\t\t\n\n\n<div class=\"wp-block-uagb-image alignright uagb-block-7b2783da wp-block-uagb-image--layout-default wp-block-uagb-image--effect-static wp-block-uagb-image--align-right\"><figure class=\"wp-block-uagb-image__figure\"><a class=\"\" href=\"https:\/\/www.tripadvisor.com\/Attraction_Review-g1937951-d6412448-Reviews-Bedalov_Winery-Kastel_Kambelovac_Kastela_Split_Dalmatia_County_Dalmatia.html\" target=\"\" rel=\"noopener\"><img loading=\"lazy\" decoding=\"async\" srcset=\"https:\/\/vinabedalov.com\/wp-content\/uploads\/2024\/06\/tripadvisor-xxl-150x150.png ,https:\/\/vinabedalov.com\/wp-content\/uploads\/2024\/06\/tripadvisor-xxl.png 780w, https:\/\/vinabedalov.com\/wp-content\/uploads\/2024\/06\/tripadvisor-xxl.png 360w\" sizes=\"auto, (max-width: 480px) 150px\" src=\"https:\/\/vinabedalov.com\/wp-content\/uploads\/2024\/06\/tripadvisor-xxl-150x150.png\" alt=\"\" class=\"uag-image-2677\" width=\"22\" height=\"20\" title=\"tripadvisor-xxl\" role=\"img\"\/><\/a><\/figure><\/div>\n\n\n\n<div class=\"wp-block-columns is-layout-flex wp-container-core-columns-is-layout-28f84493 wp-block-columns-is-layout-flex\">\n<div class=\"wp-block-column is-layout-flow wp-block-column-is-layout-flow\" style=\"flex-basis:100%\"><\/div>\n<\/div>\n<\/div>\n<\/div>\n\n\n\n<div class=\"wp-block-uagb-container uagb-block-91b00d70 alignfull uagb-is-root-container\"><div class=\"uagb-container-inner-blocks-wrap\">\n<div class=\"wp-block-uagb-container uagb-block-711fc19d alignfull uagb-is-root-container\"><div class=\"uagb-container-inner-blocks-wrap\">\n<div class=\"wp-block-uagb-container uagb-block-ebce0a3f\">\n<div class=\"wp-block-uagb-image uagb-block-72aac24c wp-block-uagb-image--layout-default wp-block-uagb-image--effect-static wp-block-uagb-image--align-none\"><figure class=\"wp-block-uagb-image__figure\"><img loading=\"lazy\" decoding=\"async\" srcset=\"https:\/\/vinabedalov.com\/wp-content\/uploads\/2025\/06\/v-5-scaled-e1716292985438-1-881x1024.jpg ,https:\/\/vinabedalov.com\/wp-content\/uploads\/2025\/06\/v-5-scaled-e1716292985438-1.jpg 780w, https:\/\/vinabedalov.com\/wp-content\/uploads\/2025\/06\/v-5-scaled-e1716292985438-1.jpg 360w\" sizes=\"auto, (max-width: 480px) 150px\" src=\"https:\/\/vinabedalov.com\/wp-content\/uploads\/2025\/06\/v-5-scaled-e1716292985438-1-881x1024.jpg\" alt=\"\" class=\"uag-image-3498\" width=\"881\" height=\"1024\" title=\"Zalazak sunca u vinogradu vinarije Bedalov\" role=\"img\"\/><\/figure><\/div>\n<\/div>\n\n\n\n<div class=\"wp-block-uagb-container uagb-block-2913b7f0\">\n<div class=\"wp-block-uagb-advanced-heading uagb-block-6058667a\"><h6 class=\"uagb-heading-text\"><strong>THE ART OF WINEMAKING<\/strong><\/h6><\/div>\n\n\n\n<div class=\"wp-block-uagb-advanced-heading uagb-block-78931c99\"><h2 class=\"uagb-heading-text\"><em><strong><strong><em>BEDALOV FAMILY CRAFT<\/em><\/strong><\/strong><\/em><\/h2><div class=\"uagb-separator\"><\/div><p class=\"uagb-desc-text\">For generations, our family has poured their hearts into crafting delicious wines that capture the soul of Croatia.\nOn sun-drenched slopes near Split, Bedalov Winery flourishes. We nurture only indigenous grape varieties, crafting exceptional organic wines that truly capture the essence of Croatia. Embark on a unique wine journey and learn more about Bedalov Winery.<\/p><\/div>\n\n\n\n<div class=\"wp-block-uagb-buttons uagb-buttons__outer-wrap uagb-btn__medium-btn uagb-btn-tablet__default-btn uagb-btn-mobile__default-btn uagb-block-eb82e42c\"><div class=\"uagb-buttons__wrap uagb-buttons-layout-wrap\">\n<div class=\"wp-block-uagb-buttons-child uagb-buttons__outer-wrap uagb-block-1f52e104 wp-block-button\"><div class=\"uagb-button__wrapper\"><a class=\"uagb-buttons-repeater wp-block-button__link\" aria-label=\"\" href=\"#\" rel=\"follow noopener\" target=\"_self\" role=\"button\"><div class=\"uagb-button__link\">About us<\/div><\/a><\/div><\/div>\n<\/div><\/div>\n<\/div>\n<\/div><\/div>\n<\/div><\/div>\n\n\n\n<div class=\"wp-block-uagb-container uagb-block-f654abd8 alignfull uagb-is-root-container\"><div class=\"uagb-container-inner-blocks-wrap\">\n<div class=\"wp-block-uagb-container uagb-block-434f1e0a alignfull uagb-is-root-container\"><div class=\"uagb-container-inner-blocks-wrap\">\n<div class=\"wp-block-uagb-container uagb-block-38f3bbf3\">\n<div class=\"wp-block-uagb-advanced-heading uagb-block-4276249c\"><h6 class=\"uagb-heading-text\"><strong>UNCORK YOUR ADVENTURE<\/strong><\/h6><\/div>\n\n\n\n<div class=\"wp-block-uagb-advanced-heading uagb-block-35bee99c\"><h2 class=\"uagb-heading-text\"><em><em><strong><strong><em>TASTE THE DALMATIAN DREAM<\/em><\/strong><\/strong><\/em><\/em><\/h2><div class=\"uagb-separator\"><\/div><\/div>\n\n\n\n<p style=\"margin-top:var(--wp--preset--spacing--20);margin-right:0px;margin-bottom:var(--wp--preset--spacing--20);margin-left:0px;padding-right:0.5rem;padding-left:0.6rem\">Unwind in style at our winery with a glass of Ka\u0161tela\u2019s delicious wine. Craft your own tasting adventure by trying individual wines by the glass, or embark on a guided journey to learn more about local winemaking traditions. Ready to discover your perfect sip? Learn more about our tasting options online!<\/p>\n\n\n\n<div class=\"wp-block-buttons is-content-justification-center is-layout-flex wp-container-core-buttons-is-layout-a89b3969 wp-block-buttons-is-layout-flex\">\n<div class=\"wp-block-button\"><a class=\"wp-block-button__link has-text-align-center wp-element-button\" href=\"https:\/\/vinabedalov.com\/en\/kusanje-vina\/\">WINETASTING<\/a><\/div>\n<\/div>\n<\/div>\n\n\n\n<div class=\"wp-block-uagb-container uagb-block-777e8206\">\n<div class=\"wp-block-uagb-image aligncenter uagb-block-8fb17135 wp-block-uagb-image--layout-default wp-block-uagb-image--effect-static wp-block-uagb-image--align-center\"><figure class=\"wp-block-uagb-image__figure\"><img loading=\"lazy\" decoding=\"async\" srcset=\"https:\/\/vinabedalov.com\/wp-content\/uploads\/2024\/05\/IMG-20220716-WA0014.jpg ,https:\/\/vinabedalov.com\/wp-content\/uploads\/2024\/05\/IMG-20220716-WA0014.jpg 780w, https:\/\/vinabedalov.com\/wp-content\/uploads\/2024\/05\/IMG-20220716-WA0014.jpg 360w\" sizes=\"auto, (max-width: 480px) 150px\" src=\"https:\/\/vinabedalov.com\/wp-content\/uploads\/2024\/05\/IMG-20220716-WA0014.jpg\" alt=\"\" class=\"uag-image-2088\" width=\"692\" height=\"1024\" title=\"IMG-20220716-WA0014\" role=\"img\"\/><\/figure><\/div>\n<\/div>\n<\/div><\/div>\n<\/div><\/div>\n\n\n\n<div class=\"wp-block-uagb-advanced-heading uagb-block-6e26e82a\"><h2 class=\"uagb-heading-text\"><strong>WHAT OUR GUESTS SAY ABOUT US:<\/strong><\/h2><\/div>\n\n\n\n<p class=\"has-text-align-center\">Learn more about what awaits you at Bedalov Winery from the words of our guests.<\/p>\n\n\n\n<div class=\"wp-block-uagb-container uagb-block-0f2eb236 alignfull uagb-is-root-container\"><div class=\"uagb-container-inner-blocks-wrap\">\n<div class=\"wp-block-uagb-container uagb-block-d0fcb7c9\">\n<div class=\"wp-block-uagb-container uagb-block-72a781f4\">\n<div class=\"wp-block-uagb-image alignleft uagb-block-f6377fea wp-block-uagb-image--layout-default wp-block-uagb-image--effect-static wp-block-uagb-image--align-left\"><figure class=\"wp-block-uagb-image__figure\"><img loading=\"lazy\" decoding=\"async\" srcset=\"https:\/\/vinabedalov.com\/wp-content\/uploads\/2020\/09\/piano-instrument-student-testimonial.jpg \" sizes=\"auto, (max-width: 480px) 150px\" src=\"https:\/\/vinabedalov.com\/wp-content\/uploads\/2020\/09\/piano-instrument-student-testimonial.jpg\" alt=\"\" class=\"uag-image-131\" width=\"150\" height=\"150\" title=\"\" role=\"img\"\/><\/figure><\/div>\n\n\n\n<div class=\"wp-block-uagb-container uagb-block-fd94c29b\">\n<div class=\"wp-block-uagb-star-rating uagb-block-b5b8ea4c\"><div class=\"uag-star-rating\" title=\"4.6\/5\"><span class=\"uag-star\">\u2605<\/span><span class=\"uag-star\">\u2605<\/span><span class=\"uag-star\">\u2605<\/span><span class=\"uag-star\">\u2605<\/span><span class=\"uag-star\">\u2605<\/span><\/div><\/div>\n\n\n\n<div class=\"wp-block-uagb-advanced-heading uagb-block-ecce70f0\"><p class=\"uagb-heading-text\">\u201c<strong>What a place!!! Excellent service, THE BEST WINE TASTING! Wine is on another level; if you land at the Split airport, you need to stop by here. Family-owned and produced.<\/strong>\u201d<\/p><p class=\"uagb-desc-text\">L.K.<\/p><\/div>\n<\/div>\n<\/div>\n\n\n\n<div class=\"wp-block-uagb-container uagb-block-83319dd5\">\n<div class=\"wp-block-uagb-image alignleft uagb-block-2c54f7cb wp-block-uagb-image--layout-default wp-block-uagb-image--effect-static wp-block-uagb-image--align-left\"><figure class=\"wp-block-uagb-image__figure\"><img loading=\"lazy\" decoding=\"async\" srcset=\"https:\/\/vinabedalov.com\/wp-content\/uploads\/2024\/05\/pikaso_texttoimage_35mm-film-photography-Headshot-of-a-middleaged-Fil.jpeg 1216w, https:\/\/vinabedalov.com\/wp-content\/uploads\/2024\/05\/pikaso_texttoimage_35mm-film-photography-Headshot-of-a-middleaged-Fil-300x205.jpeg 300w, https:\/\/vinabedalov.com\/wp-content\/uploads\/2024\/05\/pikaso_texttoimage_35mm-film-photography-Headshot-of-a-middleaged-Fil-1024x701.jpeg 1024w, https:\/\/vinabedalov.com\/wp-content\/uploads\/2024\/05\/pikaso_texttoimage_35mm-film-photography-Headshot-of-a-middleaged-Fil-768x525.jpeg 768w, https:\/\/vinabedalov.com\/wp-content\/uploads\/2024\/05\/pikaso_texttoimage_35mm-film-photography-Headshot-of-a-middleaged-Fil-18x12.jpeg 18w\" sizes=\"auto, (max-width: 480px) 150px\" src=\"https:\/\/vinabedalov.com\/wp-content\/uploads\/2024\/05\/pikaso_texttoimage_35mm-film-photography-Headshot-of-a-middleaged-Fil.jpeg\" alt=\"\" class=\"uag-image-2161\" width=\"150\" height=\"150\" title=\"pikaso_texttoimage_35mm-film-photography-Headshot-of-a-middleaged-Fil\" role=\"img\"\/><\/figure><\/div>\n\n\n\n<div class=\"wp-block-uagb-container uagb-block-c9645652\">\n<div class=\"wp-block-uagb-star-rating uagb-block-3228d5fc\"><div class=\"uag-star-rating\" title=\"4.8\/5\"><span class=\"uag-star\">\u2605<\/span><span class=\"uag-star\">\u2605<\/span><span class=\"uag-star\">\u2605<\/span><span class=\"uag-star\">\u2605<\/span><span class=\"uag-star\">\u2605<\/span><\/div><\/div>\n\n\n\n<div class=\"wp-block-uagb-advanced-heading uagb-block-263782f0\"><p class=\"uagb-heading-text\"><strong><em>\u201cA lovely family winery near Split with a breathtaking seaside view! They prepared amazing food pairings with the wine and shared their winery\u2019s history. A perfect place to spend a memorable evening!\u201d\u200b<\/em><\/strong><\/p><p class=\"uagb-desc-text\">K.L.<\/p><\/div>\n<\/div>\n<\/div>\n<\/div>\n\n\n\n<div class=\"wp-block-uagb-container uagb-block-d75d3b14\">\n<div class=\"wp-block-uagb-container uagb-block-8b3c457e\">\n<div class=\"wp-block-uagb-image alignleft uagb-block-e2d419ed wp-block-uagb-image--layout-default wp-block-uagb-image--effect-static wp-block-uagb-image--align-left\"><figure class=\"wp-block-uagb-image__figure\"><img loading=\"lazy\" decoding=\"async\" srcset=\"https:\/\/vinabedalov.com\/wp-content\/uploads\/2020\/09\/piano-instrument-student-testimonial-2.jpg \" sizes=\"auto, (max-width: 480px) 150px\" src=\"https:\/\/vinabedalov.com\/wp-content\/uploads\/2020\/09\/piano-instrument-student-testimonial-2.jpg\" alt=\"\" class=\"uag-image-132\" width=\"150\" height=\"150\" title=\"\" role=\"img\"\/><\/figure><\/div>\n\n\n\n<div class=\"wp-block-uagb-container uagb-block-812fbf26\">\n<div class=\"wp-block-uagb-star-rating uagb-block-2281be89\"><div class=\"uag-star-rating\" title=\"4.9\/5\"><span class=\"uag-star\">\u2605<\/span><span class=\"uag-star\">\u2605<\/span><span class=\"uag-star\">\u2605<\/span><span class=\"uag-star\">\u2605<\/span><span class=\"uag-star\">\u2605<\/span><\/div><\/div>\n\n\n\n<div class=\"wp-block-uagb-advanced-heading uagb-block-6fdc8525\"><p class=\"uagb-heading-text\"><strong><em>\u201cMe and my wife made a lovely visit to the Bedalov Winery and we can highly recommend it. The relaxed atmosphere right at the seaside. Wine pairing with delicious snack dishes and our hostess Antea gave us a really good insight into wine farming and the history of their winery and their production. Easy to reach by a bus from Split.\u201d<\/em><\/strong><\/p><p class=\"uagb-desc-text\">J.P.<\/p><\/div>\n<\/div>\n<\/div>\n\n\n\n<div class=\"wp-block-uagb-container uagb-block-1dfe2786\">\n<div class=\"wp-block-uagb-image alignleft uagb-block-3c132932 wp-block-uagb-image--layout-default wp-block-uagb-image--effect-static wp-block-uagb-image--align-left\"><figure class=\"wp-block-uagb-image__figure\"><img loading=\"lazy\" decoding=\"async\" srcset=\"https:\/\/vinabedalov.com\/wp-content\/uploads\/2024\/05\/pikaso_texttoimage_35mm-film-photography-Halflength-portrait-of-a-mid-150x150.jpeg ,https:\/\/vinabedalov.com\/wp-content\/uploads\/2024\/05\/pikaso_texttoimage_35mm-film-photography-Halflength-portrait-of-a-mid.jpeg 780w, https:\/\/vinabedalov.com\/wp-content\/uploads\/2024\/05\/pikaso_texttoimage_35mm-film-photography-Halflength-portrait-of-a-mid.jpeg 360w\" sizes=\"auto, (max-width: 480px) 150px\" src=\"https:\/\/vinabedalov.com\/wp-content\/uploads\/2024\/05\/pikaso_texttoimage_35mm-film-photography-Halflength-portrait-of-a-mid-150x150.jpeg\" alt=\"\" class=\"uag-image-2157\" width=\"150\" height=\"150\" title=\"pikaso_texttoimage_35mm-film-photography-Halflength-portrait-of-a-mid\" role=\"img\"\/><\/figure><\/div>\n\n\n\n<div class=\"wp-block-uagb-container uagb-block-c3f65950\">\n<div class=\"wp-block-uagb-star-rating uagb-block-8d6ef701\"><div class=\"uag-star-rating\" title=\"4.6\/5\"><span class=\"uag-star\">\u2605<\/span><span class=\"uag-star\">\u2605<\/span><span class=\"uag-star\">\u2605<\/span><span class=\"uag-star\">\u2605<\/span><span class=\"uag-star\">\u2605<\/span><\/div><\/div>\n\n\n\n<div class=\"wp-block-uagb-advanced-heading uagb-block-20ff461f\"><p class=\"uagb-heading-text\"><strong><em>\u201cSensational wine! Presentation of wine at a very high level. The pairing of food is always on point! I am delighted with the wine tasting! \u201d<\/em><\/strong><\/p><p class=\"uagb-desc-text\">M.R.<\/p><\/div>\n<\/div>\n<\/div>\n<\/div>\n<\/div><\/div>\n\n\n\n<div class=\"wp-block-uagb-container uagb-block-2c52ada1 alignfull uagb-is-root-container\"><div class=\"uagb-container-inner-blocks-wrap\">\n<div class=\"wp-block-uagb-container uagb-block-023c2712\">\n<div class=\"wp-block-uagb-info-box uagb-block-9a36c63d uagb-infobox__content-wrap  uagb-infobox-icon-above-title uagb-infobox-image-valign-top\"><div class=\"uagb-ifb-content\"><div class=\"uagb-ifb-title-wrap\"><h2 class=\"uagb-ifb-title\"><br><strong><strong><em>A World of Flavors in Bedalov Wines<\/em><\/strong><\/strong><\/h2><\/div><p class=\"uagb-ifb-desc\"><br><strong><strong><em>We offer a range of Croatian gems, each with its unique character. Explore our collection online and find your perfect bottle!<\/em><\/strong><\/strong><\/p><\/div><\/div>\n\n\n\n<div class=\"wp-block-buttons is-content-justification-center is-layout-flex wp-container-core-buttons-is-layout-a89b3969 wp-block-buttons-is-layout-flex\">\n<div class=\"wp-block-button\"><a class=\"wp-block-button__link has-ast-global-color-5-color has-ast-global-color-6-background-color has-text-color has-background has-link-color wp-element-button\" href=\"https:\/\/vinabedalov.com\/en\/vina\/\">LEARN MORE<\/a><\/div>\n<\/div>\n<\/div>\n<\/div><\/div>","protected":false},"excerpt":{"rendered":"<p>UMJETNOST VINARSTVA TRADICIJA OBITELJI BEDALOV Generacije obitelji Bedalov s ljubavlju i predano\u0161\u0107u stvaraju vrhunska vina koja oslikavaju du\u0161u Hrvatske. Na sun\u010danim padinama u blizini Splita njegujemo autohtone sorte gro\u017e\u0111a i nastavljamo bogatu ba\u0161tinu vinarstva proizvode\u0107i vrhunska vina. Otkrijte tajne na\u0161eg vinogradarskog zanata i uronite u bogatu povijest obitelji Bedalov. U\u017eivajte u degustaciji na\u0161ih vrhunskih vina [&hellip;]<\/p>\n","protected":false},"author":1,"featured_media":0,"parent":0,"menu_order":0,"comment_status":"closed","ping_status":"closed","template":"elementor_header_footer","meta":{"_uag_custom_page_level_css":"","site-sidebar-layout":"no-sidebar","site-content-layout":"page-builder","ast-site-content-layout":"full-width-container","site-content-style":"unboxed","site-sidebar-style":"unboxed","ast-global-header-display":"","ast-banner-title-visibility":"","ast-main-header-display":"","ast-hfb-above-header-display":"","ast-hfb-below-header-display":"","ast-hfb-mobile-header-display":"","site-post-title":"disabled","ast-breadcrumbs-content":"","ast-featured-img":"disabled","footer-sml-layout":"","theme-transparent-header-meta":"enabled","adv-header-id-meta":"","stick-header-meta":"","header-above-stick-meta":"","header-main-stick-meta":"","header-below-stick-meta":"","astra-migrate-meta-layouts":"set","ast-page-background-enabled":"default","ast-page-background-meta":{"desktop":{"background-color":"","background-image":"","background-repeat":"repeat","background-position":"center center","background-size":"auto","background-attachment":"scroll","background-type":"","background-media":"","overlay-type":"","overlay-color":"","overlay-opacity":"","overlay-gradient":""},"tablet":{"background-color":"","background-image":"","background-repeat":"repeat","background-position":"center center","background-size":"auto","background-attachment":"scroll","background-type":"","background-media":"","overlay-type":"","overlay-color":"","overlay-opacity":"","overlay-gradient":""},"mobile":{"background-color":"","background-image":"","background-repeat":"repeat","background-position":"center center","background-size":"auto","background-attachment":"scroll","background-type":"","background-media":"","overlay-type":"","overlay-color":"","overlay-opacity":"","overlay-gradient":""}},"ast-content-background-meta":{"desktop":{"background-color":"var(--ast-global-color-5)","background-image":"","background-repeat":"repeat","background-position":"center center","background-size":"auto","background-attachment":"scroll","background-type":"","background-media":"","overlay-type":"","overlay-color":"","overlay-opacity":"","overlay-gradient":""},"tablet":{"background-color":"var(--ast-global-color-5)","background-image":"","background-repeat":"repeat","background-position":"center center","background-size":"auto","background-attachment":"scroll","background-type":"","background-media":"","overlay-type":"","overlay-color":"","overlay-opacity":"","overlay-gradient":""},"mobile":{"background-color":"var(--ast-global-color-5)","background-image":"","background-repeat":"repeat","background-position":"center center","background-size":"auto","background-attachment":"scroll","background-type":"","background-media":"","overlay-type":"","overlay-color":"","overlay-opacity":"","overlay-gradient":""}},"footnotes":""},"class_list":["post-354","page","type-page","status-publish","hentry"],"_hostinger_reach_plugin_has_subscription_block":false,"_hostinger_reach_plugin_is_elementor":false,"uagb_featured_image_src":{"full":false,"thumbnail":false,"medium":false,"medium_large":false,"large":false,"1536x1536":false,"2048x2048":false,"trp-custom-language-flag":false},"uagb_author_info":{"display_name":"dina","author_link":"https:\/\/vinabedalov.com\/en\/author\/dina\/"},"uagb_comment_info":0,"uagb_excerpt":"UMJETNOST VINARSTVA TRADICIJA OBITELJI BEDALOV Generacije obitelji Bedalov s ljubavlju i predano\u0161\u0107u stvaraju vrhunska vina koja oslikavaju du\u0161u Hrvatske. Na sun\u010danim padinama u blizini Splita njegujemo autohtone sorte gro\u017e\u0111a i nastavljamo bogatu ba\u0161tinu vinarstva proizvode\u0107i vrhunska vina. Otkrijte tajne na\u0161eg vinogradarskog zanata i uronite u bogatu povijest obitelji Bedalov. U\u017eivajte u degustaciji na\u0161ih vrhunskih vina&hellip;","_links":{"self":[{"href":"https:\/\/vinabedalov.com\/en\/wp-json\/wp\/v2\/pages\/354","targetHints":{"allow":["GET"]}}],"collection":[{"href":"https:\/\/vinabedalov.com\/en\/wp-json\/wp\/v2\/pages"}],"about":[{"href":"https:\/\/vinabedalov.com\/en\/wp-json\/wp\/v2\/types\/page"}],"author":[{"embeddable":true,"href":"https:\/\/vinabedalov.com\/en\/wp-json\/wp\/v2\/users\/1"}],"replies":[{"embeddable":true,"href":"https:\/\/vinabedalov.com\/en\/wp-json\/wp\/v2\/comments?post=354"}],"version-history":[{"count":10,"href":"https:\/\/vinabedalov.com\/en\/wp-json\/wp\/v2\/pages\/354\/revisions"}],"predecessor-version":[{"id":3499,"href":"https:\/\/vinabedalov.com\/en\/wp-json\/wp\/v2\/pages\/354\/revisions\/3499"}],"wp:attachment":[{"href":"https:\/\/vinabedalov.com\/en\/wp-json\/wp\/v2\/media?parent=354"}],"curies":[{"name":"wp","href":"https:\/\/api.w.org\/{rel}","templated":true}]}}