{"id":2259,"date":"2024-05-25T20:01:49","date_gmt":"2024-05-25T20:01:49","guid":{"rendered":"https:\/\/vinabedalov.com\/?page_id=2259"},"modified":"2025-05-03T22:49:20","modified_gmt":"2025-05-03T20:49:20","slug":"dobricic","status":"publish","type":"page","link":"https:\/\/vinabedalov.com\/en\/dobricic\/","title":{"rendered":"Dobri\u010di\u0107"},"content":{"rendered":"<div class=\"wp-block-uagb-container uagb-block-8bd18869 alignfull uagb-is-root-container\"><div class=\"uagb-container-inner-blocks-wrap\">\n<div class=\"wp-block-uagb-advanced-heading uagb-block-c09b6b6f\"><\/div>\n\n\n\n<header class=\"wp-block-uagb-advanced-heading uagb-block-3753686f\"><\/header>\n<\/div><\/div>\n\n\n\n<div class=\"wp-block-uagb-container uagb-block-0e74aa31 alignfull uagb-is-root-container\"><div class=\"uagb-container-inner-blocks-wrap\">\n<div class=\"wp-block-uagb-container uagb-block-350d9e3b\">\n<div class=\"wp-block-uagb-image alignleft uagb-block-f5fc464d wp-block-uagb-image--layout-default wp-block-uagb-image--effect-static wp-block-uagb-image--align-left\"><figure class=\"wp-block-uagb-image__figure\"><img loading=\"lazy\" decoding=\"async\" srcset=\"https:\/\/vinabedalov.com\/wp-content\/uploads\/2024\/05\/dobricic-bedalov-512x1024.jpg ,https:\/\/vinabedalov.com\/wp-content\/uploads\/2024\/05\/dobricic-bedalov-scaled.jpg 780w, https:\/\/vinabedalov.com\/wp-content\/uploads\/2024\/05\/dobricic-bedalov-scaled.jpg 360w\" sizes=\"auto, (max-width: 480px) 150px\" src=\"https:\/\/vinabedalov.com\/wp-content\/uploads\/2024\/05\/dobricic-bedalov-512x1024.jpg\" alt=\"\" class=\"uag-image-2460\" width=\"436\" height=\"872\" title=\"dobricic bedalov\" role=\"img\"\/><\/figure><\/div>\n<\/div>\n\n\n\n<div class=\"wp-block-uagb-container uagb-block-79ec622d\">\n<p style=\"margin-top:0px;margin-bottom:0px\"><\/p>\n\n\n\n<div class=\"wp-block-uagb-advanced-heading uagb-block-d2219d83\"><h2 class=\"uagb-heading-text\"><em>Dobri\u010di\u0107<\/em><\/h2><div class=\"uagb-separator\"><\/div><p class=\"uagb-desc-text\">2021 Dobri\u010di\u0107<\/p><\/div>\n\n\n\n<p><\/p>\n\n\n\n<p class=\"has-ast-global-color-2-color has-text-color has-link-color wp-elements-c5deb0e785fd6e04835a3618ea405a66\"><strong>Blend<\/strong><\/p>\n\n\n\n<p>100% Dobri\u010di\u0107<\/p>\n\n\n\n<p class=\"has-ast-global-color-2-color has-text-color has-link-color wp-elements-4b2a7c94bc744c72b8bc00039e2d4dd9\" style=\"text-transform:uppercase\"><strong>ALCOHOL<\/strong><\/p>\n\n\n\n<p>14% vol<\/p>\n\n\n\n<p class=\"has-ast-global-color-2-color has-text-color has-link-color wp-elements-06ce242efb32bcfae37438521027e877\" style=\"text-transform:uppercase\"><strong>Vineyard Name<\/strong><\/p>\n\n\n\n<p>Vla\u010dine<\/p>\n\n\n\n<p class=\"has-ast-global-color-2-color has-text-color has-link-color wp-elements-57773315b7b2c7413899024b5f947388\"><strong>Harvest dates<\/strong><\/p>\n\n\n\n<p>Late September<\/p>\n\n\n<div class=\"wp-block-uagb-faq uagb-faq__outer-wrap uagb-block-3faadd8e uagb-faq-icon-row uagb-faq-layout-accordion uagb-faq-expand-first-false uagb-faq-inactive-other-true uagb-faq__wrap uagb-buttons-layout-wrap uagb-faq-equal-height\" data-faqtoggle=\"true\" role=\"tablist\"><div class=\"wp-block-uagb-faq-child uagb-faq-child__outer-wrap uagb-faq-item uagb-block-cef1e51c\" role=\"tab\" tabindex=\"0\"><div class=\"uagb-faq-questions-button uagb-faq-questions\">\t\t\t<span class=\"uagb-icon uagb-faq-icon-wrap\">\n\t\t\t\t\t\t\t\t<svg xmlns=\"https:\/\/www.w3.org\/2000\/svg\" viewbox= \"0 0 448 512\"><path d=\"M432 256c0 17.69-14.33 32.01-32 32.01H256v144c0 17.69-14.33 31.99-32 31.99s-32-14.3-32-31.99v-144H48c-17.67 0-32-14.32-32-32.01s14.33-31.99 32-31.99H192v-144c0-17.69 14.33-32.01 32-32.01s32 14.32 32 32.01v144h144C417.7 224 432 238.3 432 256z\"><\/path><\/svg>\n\t\t\t\t\t\t\t<\/span>\n\t\t\t\t\t\t<span class=\"uagb-icon-active uagb-faq-icon-wrap\">\n\t\t\t\t\t\t\t\t<svg xmlns=\"https:\/\/www.w3.org\/2000\/svg\" viewbox= \"0 0 448 512\"><path d=\"M400 288h-352c-17.69 0-32-14.32-32-32.01s14.31-31.99 32-31.99h352c17.69 0 32 14.3 32 31.99S417.7 288 400 288z\"><\/path><\/svg>\n\t\t\t\t\t\t\t<\/span>\n\t\t\t<span class=\"uagb-question\">Learn more about Dobri\u010di\u0107<\/span><\/div><div class=\"uagb-faq-content\"><p>Dobri\u010di\u0107 is a rare and lesser-known grape variety, primarily grown in small quantities by local producers. Dobri\u010di\u0107 Bedalov boasts a medium to full-bodied character, with well-structured tannins that provide a gentle grip on the palate. Moderate acidity dances across the tongue, highlighting a captivating symphony of dark fruits. Blackberry and black cherry take center stage, intertwined with hints of warm spice, fragrant herbs, and a touch of earthy elegance. Dobri\u010di\u0107 Bedalov\u2019s boldness makes it a perfect match for robust dishes like dry-aged steak. Surprisingly, its complexity also allows it to pair beautifully with chocolate desserts, creating a truly unexpected and delightful experience.<br><\/p><\/div><\/div><\/div>\n\n\n<div class=\"wp-block-buttons is-content-justification-left is-layout-flex wp-container-core-buttons-is-layout-966b4b91 wp-block-buttons-is-layout-flex\" style=\"padding-top:var(--wp--preset--spacing--40);padding-bottom:var(--wp--preset--spacing--40)\">\n<div class=\"wp-block-button\"><a class=\"wp-block-button__link has-ast-global-color-4-color has-ast-global-color-6-background-color has-text-color has-background has-link-color wp-element-button\" href=\"https:\/\/vinabedalov.com\/en\/shop\/\">Buy wine<\/a><\/div>\n<\/div>\n<\/div>\n<\/div><\/div>\n\n\n\n<div class=\"wp-block-uagb-advanced-heading uagb-block-f3e3a1ab\"><\/div>\n\n\n\n<div class=\"wp-block-uagb-container uagb-block-4eaf3312 alignfull uagb-is-root-container\">\n<div class=\"wp-block-uagb-container uagb-block-6e3ed89d\">\n<div class=\"wp-block-uagb-info-box uagb-block-715b3e9b uagb-infobox__content-wrap  uagb-infobox-icon-above-title uagb-infobox-image-valign-top\"><div class=\"uagb-ifb-content\"><div class=\"uagb-ifb-title-wrap\"><h2 class=\"uagb-ifb-title\">Learn more about our wines.<\/h2><\/div><p class=\"uagb-ifb-desc\">Discover the exquisite variety of our wines.<\/p><\/div><\/div>\n\n\n\n<div class=\"wp-block-buttons is-content-justification-center is-layout-flex wp-container-core-buttons-is-layout-a89b3969 wp-block-buttons-is-layout-flex\">\n<div class=\"wp-block-button\"><a class=\"wp-block-button__link has-ast-global-color-4-color has-ast-global-color-6-background-color has-text-color has-background has-link-color wp-element-button\" href=\"https:\/\/vinabedalov.com\/en\/vina\/\">Explore more<\/a><\/div>\n<\/div>\n<\/div>\n<\/div>","protected":false},"excerpt":{"rendered":"<p>Dobri\u010di\u0107 2021 Dobri\u010di\u0107 BLEND 100% Dobri\u010di\u0107 Alkohol 14% vol IME VINOGRADA Vla\u010dine BERBA Kraj rujna<\/p>","protected":false},"author":1,"featured_media":0,"parent":0,"menu_order":0,"comment_status":"closed","ping_status":"closed","template":"elementor_header_footer","meta":{"_uag_custom_page_level_css":"","site-sidebar-layout":"default","site-content-layout":"","ast-site-content-layout":"default","site-content-style":"default","site-sidebar-style":"default","ast-global-header-display":"","ast-banner-title-visibility":"","ast-main-header-display":"","ast-hfb-above-header-display":"","ast-hfb-below-header-display":"","ast-hfb-mobile-header-display":"","site-post-title":"disabled","ast-breadcrumbs-content":"","ast-featured-img":"","footer-sml-layout":"","theme-transparent-header-meta":"","adv-header-id-meta":"","stick-header-meta":"","header-above-stick-meta":"","header-main-stick-meta":"","header-below-stick-meta":"","astra-migrate-meta-layouts":"set","ast-page-background-enabled":"default","ast-page-background-meta":{"desktop":{"background-color":"","background-image":"","background-repeat":"repeat","background-position":"center center","background-size":"auto","background-attachment":"scroll","background-type":"","background-media":"","overlay-type":"","overlay-color":"","overlay-opacity":"","overlay-gradient":""},"tablet":{"background-color":"","background-image":"","background-repeat":"repeat","background-position":"center center","background-size":"auto","background-attachment":"scroll","background-type":"","background-media":"","overlay-type":"","overlay-color":"","overlay-opacity":"","overlay-gradient":""},"mobile":{"background-color":"","background-image":"","background-repeat":"repeat","background-position":"center center","background-size":"auto","background-attachment":"scroll","background-type":"","background-media":"","overlay-type":"","overlay-color":"","overlay-opacity":"","overlay-gradient":""}},"ast-content-background-meta":{"desktop":{"background-color":"var(--ast-global-color-5)","background-image":"","background-repeat":"repeat","background-position":"center center","background-size":"auto","background-attachment":"scroll","background-type":"","background-media":"","overlay-type":"","overlay-color":"","overlay-opacity":"","overlay-gradient":""},"tablet":{"background-color":"var(--ast-global-color-5)","background-image":"","background-repeat":"repeat","background-position":"center center","background-size":"auto","background-attachment":"scroll","background-type":"","background-media":"","overlay-type":"","overlay-color":"","overlay-opacity":"","overlay-gradient":""},"mobile":{"background-color":"var(--ast-global-color-5)","background-image":"","background-repeat":"repeat","background-position":"center center","background-size":"auto","background-attachment":"scroll","background-type":"","background-media":"","overlay-type":"","overlay-color":"","overlay-opacity":"","overlay-gradient":""}},"footnotes":""},"class_list":["post-2259","page","type-page","status-publish","hentry"],"_hostinger_reach_plugin_has_subscription_block":false,"_hostinger_reach_plugin_is_elementor":false,"uagb_featured_image_src":{"full":false,"thumbnail":false,"medium":false,"medium_large":false,"large":false,"1536x1536":false,"2048x2048":false,"trp-custom-language-flag":false},"uagb_author_info":{"display_name":"dina","author_link":"https:\/\/vinabedalov.com\/en\/author\/dina\/"},"uagb_comment_info":0,"uagb_excerpt":"Dobri\u010di\u0107 2021 Dobri\u010di\u0107 BLEND 100% Dobri\u010di\u0107 Alkohol 14% vol IME VINOGRADA Vla\u010dine BERBA Kraj rujna","_links":{"self":[{"href":"https:\/\/vinabedalov.com\/en\/wp-json\/wp\/v2\/pages\/2259","targetHints":{"allow":["GET"]}}],"collection":[{"href":"https:\/\/vinabedalov.com\/en\/wp-json\/wp\/v2\/pages"}],"about":[{"href":"https:\/\/vinabedalov.com\/en\/wp-json\/wp\/v2\/types\/page"}],"author":[{"embeddable":true,"href":"https:\/\/vinabedalov.com\/en\/wp-json\/wp\/v2\/users\/1"}],"replies":[{"embeddable":true,"href":"https:\/\/vinabedalov.com\/en\/wp-json\/wp\/v2\/comments?post=2259"}],"version-history":[{"count":2,"href":"https:\/\/vinabedalov.com\/en\/wp-json\/wp\/v2\/pages\/2259\/revisions"}],"predecessor-version":[{"id":3384,"href":"https:\/\/vinabedalov.com\/en\/wp-json\/wp\/v2\/pages\/2259\/revisions\/3384"}],"wp:attachment":[{"href":"https:\/\/vinabedalov.com\/en\/wp-json\/wp\/v2\/media?parent=2259"}],"curies":[{"name":"wp","href":"https:\/\/api.w.org\/{rel}","templated":true}]}}