{"id":2115,"date":"2024-05-21T21:38:12","date_gmt":"2024-05-21T21:38:12","guid":{"rendered":"https:\/\/vinabedalov.com\/?page_id=2115"},"modified":"2025-05-03T22:48:05","modified_gmt":"2025-05-03T20:48:05","slug":"kastelanski-crljenak","status":"publish","type":"page","link":"https:\/\/vinabedalov.com\/en\/kastelanski-crljenak\/","title":{"rendered":"Ka\u0161telanski Crljenak"},"content":{"rendered":"<div class=\"wp-block-uagb-container uagb-block-1be6dae8 alignfull uagb-is-root-container\"><div class=\"uagb-container-inner-blocks-wrap\">\n<div class=\"wp-block-uagb-advanced-heading uagb-block-5873aa1b\"><\/div>\n\n\n\n<header class=\"wp-block-uagb-advanced-heading uagb-block-6b6376c9\"><\/header>\n<\/div><\/div>\n\n\n\n<div class=\"wp-block-uagb-container uagb-block-28a1f207 alignfull uagb-is-root-container\"><div class=\"uagb-container-inner-blocks-wrap\">\n<div class=\"wp-block-uagb-container uagb-block-e31ff6ee\">\n<div class=\"wp-block-uagb-image alignleft uagb-block-146138eb wp-block-uagb-image--layout-default wp-block-uagb-image--effect-static wp-block-uagb-image--align-left\"><figure class=\"wp-block-uagb-image__figure\"><img loading=\"lazy\" decoding=\"async\" srcset=\"https:\/\/vinabedalov.com\/wp-content\/uploads\/2024\/05\/kastelanski-crljenak-bedalov-512x1024.jpg ,https:\/\/vinabedalov.com\/wp-content\/uploads\/2024\/05\/kastelanski-crljenak-bedalov-scaled.jpg 780w, https:\/\/vinabedalov.com\/wp-content\/uploads\/2024\/05\/kastelanski-crljenak-bedalov-scaled.jpg 360w\" sizes=\"auto, (max-width: 480px) 150px\" src=\"https:\/\/vinabedalov.com\/wp-content\/uploads\/2024\/05\/kastelanski-crljenak-bedalov-512x1024.jpg\" alt=\"\" class=\"uag-image-2463\" width=\"411\" height=\"822\" title=\"kastelanski crljenak bedalov\" role=\"img\"\/><\/figure><\/div>\n<\/div>\n\n\n\n<div class=\"wp-block-uagb-container uagb-block-60af1cd9\">\n<p style=\"margin-top:0px;margin-bottom:0px\"><\/p>\n\n\n\n<div class=\"wp-block-uagb-advanced-heading uagb-block-a1c2deab\"><h2 class=\"uagb-heading-text\"><em>Ka\u0161telanski Crljenak<\/em><\/h2><div class=\"uagb-separator\"><\/div><\/div>\n\n\n\n<p>Ka\u0161telanski Crljenak 2023<\/p>\n\n\n\n<p class=\"has-text-align-left has-ast-global-color-2-color has-text-color has-link-color wp-elements-4b6bce7e41d0b9efceb973c43ba9face\"><strong>Blend<\/strong><\/p>\n\n\n\n<p>100% Ka\u0161telanski Crljenak<\/p>\n\n\n\n<p class=\"has-ast-global-color-2-color has-text-color has-link-color wp-elements-60bc63676ef74e16516601e41fcce4c3\" style=\"text-transform:uppercase\"><strong>Alcohol<\/strong><\/p>\n\n\n\n<p>14% vol<\/p>\n\n\n\n<p class=\"has-ast-global-color-2-color has-text-color has-link-color wp-elements-a14517a5e86b1bc9dfb5345c5f072fb3\"><strong><em>Vineyard Name<\/em><\/strong><\/p>\n\n\n\n<p>Gaj<\/p>\n\n\n\n<p class=\"has-ast-global-color-2-color has-text-color has-link-color wp-elements-57773315b7b2c7413899024b5f947388\"><strong>Harvest dates<\/strong><\/p>\n\n\n\n<p>Late August<\/p>\n\n\n<div class=\"wp-block-uagb-faq uagb-faq__outer-wrap uagb-block-3faadd8e uagb-faq-icon-row uagb-faq-layout-accordion uagb-faq-expand-first-false uagb-faq-inactive-other-true uagb-faq__wrap uagb-buttons-layout-wrap uagb-faq-equal-height\" data-faqtoggle=\"true\" role=\"tablist\"><div class=\"wp-block-uagb-faq-child uagb-faq-child__outer-wrap uagb-faq-item uagb-block-cef1e51c\" role=\"tab\" tabindex=\"0\"><div class=\"uagb-faq-questions-button uagb-faq-questions\">\t\t\t<span class=\"uagb-icon uagb-faq-icon-wrap\">\n\t\t\t\t\t\t\t\t<svg xmlns=\"https:\/\/www.w3.org\/2000\/svg\" viewbox= \"0 0 448 512\"><path d=\"M432 256c0 17.69-14.33 32.01-32 32.01H256v144c0 17.69-14.33 31.99-32 31.99s-32-14.3-32-31.99v-144H48c-17.67 0-32-14.32-32-32.01s14.33-31.99 32-31.99H192v-144c0-17.69 14.33-32.01 32-32.01s32 14.32 32 32.01v144h144C417.7 224 432 238.3 432 256z\"><\/path><\/svg>\n\t\t\t\t\t\t\t<\/span>\n\t\t\t\t\t\t<span class=\"uagb-icon-active uagb-faq-icon-wrap\">\n\t\t\t\t\t\t\t\t<svg xmlns=\"https:\/\/www.w3.org\/2000\/svg\" viewbox= \"0 0 448 512\"><path d=\"M400 288h-352c-17.69 0-32-14.32-32-32.01s14.31-31.99 32-31.99h352c17.69 0 32 14.3 32 31.99S417.7 288 400 288z\"><\/path><\/svg>\n\t\t\t\t\t\t\t<\/span>\n\t\t\t<span class=\"uagb-question\">Learn more about Ka\u0161telanski Crljenak<\/span><\/div><div class=\"uagb-faq-content\"><p>Ka\u0161telanski Crljenak is believed to be the original Croatian name for the grape variety that was later discovered to be genetically identical to Zinfandel and Primitivo. Its genetic link to Zinfandel was uncovered through DNA testing in the late 20th century, sparking interest and excitement in both the Croatian and international wine communities. Ka\u0161telanski Crljenak produces deeply colored, full-bodied wine with moderate to high alcohol content. The grapes themselves are known for their intense fruit flavors, bursting with notes of ripe berries, dark cherries, and plums. Hints of spice and even tobacco add complexity to the aroma. These bold characteristics translate into wine with strong structure, making it a perfect match for robust and flavorful dishes.<\/p><\/div><\/div><\/div>\n\n\n<div class=\"wp-block-buttons is-content-justification-left is-layout-flex wp-container-core-buttons-is-layout-966b4b91 wp-block-buttons-is-layout-flex\" style=\"padding-top:var(--wp--preset--spacing--40);padding-bottom:var(--wp--preset--spacing--40)\">\n<div class=\"wp-block-button\"><a class=\"wp-block-button__link has-ast-global-color-4-color has-ast-global-color-6-background-color has-text-color has-background has-link-color wp-element-button\" href=\"https:\/\/vinabedalov.com\/en\/shop\/\" target=\"_blank\" rel=\"noreferrer noopener\">Buy wine<\/a><\/div>\n<\/div>\n<\/div>\n<\/div><\/div>\n\n\n\n<div class=\"wp-block-uagb-advanced-heading uagb-block-bbe5607b\"><\/div>\n\n\n\n<div class=\"wp-block-uagb-advanced-heading uagb-block-f3e3a1ab\"><\/div>\n\n\n\n<div class=\"wp-block-uagb-container uagb-block-3bab320e alignfull uagb-is-root-container\">\n<div class=\"wp-block-uagb-container uagb-block-5dcf13d5\">\n<div class=\"wp-block-uagb-info-box uagb-block-ed118036 uagb-infobox__content-wrap  uagb-infobox-icon-above-title uagb-infobox-image-valign-top\"><div class=\"uagb-ifb-content\"><div class=\"uagb-ifb-title-wrap\"><h2 class=\"uagb-ifb-title\"><strong><em>Learn more about our Wines<\/em><\/strong><\/h2><\/div><p class=\"uagb-ifb-desc\">Discover the exquisite variety of our wines.<\/p><\/div><\/div>\n\n\n\n<div class=\"wp-block-buttons is-content-justification-center is-layout-flex wp-container-core-buttons-is-layout-a89b3969 wp-block-buttons-is-layout-flex\">\n<div class=\"wp-block-button\"><a class=\"wp-block-button__link has-ast-global-color-4-color has-ast-global-color-6-background-color has-text-color has-background has-link-color wp-element-button\" href=\"https:\/\/vinabedalov.com\/en\/vina\/\">Learn more<\/a><\/div>\n<\/div>\n<\/div>\n<\/div>","protected":false},"excerpt":{"rendered":"<p>Ka\u0161telanski Crljenak Ka\u0161telanski Crljenak 2023 BLEND 100% Ka\u0161telanski Crljenak alkohol 14% vol IME VINOGRADA Gaj BERBA Kraj kolovoza<\/p>","protected":false},"author":1,"featured_media":0,"parent":0,"menu_order":0,"comment_status":"closed","ping_status":"closed","template":"elementor_header_footer","meta":{"_uag_custom_page_level_css":"","site-sidebar-layout":"default","site-content-layout":"","ast-site-content-layout":"default","site-content-style":"default","site-sidebar-style":"default","ast-global-header-display":"","ast-banner-title-visibility":"","ast-main-header-display":"","ast-hfb-above-header-display":"","ast-hfb-below-header-display":"","ast-hfb-mobile-header-display":"","site-post-title":"disabled","ast-breadcrumbs-content":"","ast-featured-img":"","footer-sml-layout":"","theme-transparent-header-meta":"","adv-header-id-meta":"","stick-header-meta":"","header-above-stick-meta":"","header-main-stick-meta":"","header-below-stick-meta":"","astra-migrate-meta-layouts":"set","ast-page-background-enabled":"default","ast-page-background-meta":{"desktop":{"background-color":"","background-image":"","background-repeat":"repeat","background-position":"center center","background-size":"auto","background-attachment":"scroll","background-type":"","background-media":"","overlay-type":"","overlay-color":"","overlay-opacity":"","overlay-gradient":""},"tablet":{"background-color":"","background-image":"","background-repeat":"repeat","background-position":"center center","background-size":"auto","background-attachment":"scroll","background-type":"","background-media":"","overlay-type":"","overlay-color":"","overlay-opacity":"","overlay-gradient":""},"mobile":{"background-color":"","background-image":"","background-repeat":"repeat","background-position":"center center","background-size":"auto","background-attachment":"scroll","background-type":"","background-media":"","overlay-type":"","overlay-color":"","overlay-opacity":"","overlay-gradient":""}},"ast-content-background-meta":{"desktop":{"background-color":"var(--ast-global-color-5)","background-image":"","background-repeat":"repeat","background-position":"center center","background-size":"auto","background-attachment":"scroll","background-type":"","background-media":"","overlay-type":"","overlay-color":"","overlay-opacity":"","overlay-gradient":""},"tablet":{"background-color":"var(--ast-global-color-5)","background-image":"","background-repeat":"repeat","background-position":"center center","background-size":"auto","background-attachment":"scroll","background-type":"","background-media":"","overlay-type":"","overlay-color":"","overlay-opacity":"","overlay-gradient":""},"mobile":{"background-color":"var(--ast-global-color-5)","background-image":"","background-repeat":"repeat","background-position":"center center","background-size":"auto","background-attachment":"scroll","background-type":"","background-media":"","overlay-type":"","overlay-color":"","overlay-opacity":"","overlay-gradient":""}},"footnotes":""},"class_list":["post-2115","page","type-page","status-publish","hentry"],"_hostinger_reach_plugin_has_subscription_block":false,"_hostinger_reach_plugin_is_elementor":false,"uagb_featured_image_src":{"full":false,"thumbnail":false,"medium":false,"medium_large":false,"large":false,"1536x1536":false,"2048x2048":false,"trp-custom-language-flag":false},"uagb_author_info":{"display_name":"dina","author_link":"https:\/\/vinabedalov.com\/en\/author\/dina\/"},"uagb_comment_info":0,"uagb_excerpt":"Ka\u0161telanski Crljenak Ka\u0161telanski Crljenak 2023 BLEND 100% Ka\u0161telanski Crljenak alkohol 14% vol IME VINOGRADA Gaj BERBA Kraj kolovoza","_links":{"self":[{"href":"https:\/\/vinabedalov.com\/en\/wp-json\/wp\/v2\/pages\/2115","targetHints":{"allow":["GET"]}}],"collection":[{"href":"https:\/\/vinabedalov.com\/en\/wp-json\/wp\/v2\/pages"}],"about":[{"href":"https:\/\/vinabedalov.com\/en\/wp-json\/wp\/v2\/types\/page"}],"author":[{"embeddable":true,"href":"https:\/\/vinabedalov.com\/en\/wp-json\/wp\/v2\/users\/1"}],"replies":[{"embeddable":true,"href":"https:\/\/vinabedalov.com\/en\/wp-json\/wp\/v2\/comments?post=2115"}],"version-history":[{"count":1,"href":"https:\/\/vinabedalov.com\/en\/wp-json\/wp\/v2\/pages\/2115\/revisions"}],"predecessor-version":[{"id":3383,"href":"https:\/\/vinabedalov.com\/en\/wp-json\/wp\/v2\/pages\/2115\/revisions\/3383"}],"wp:attachment":[{"href":"https:\/\/vinabedalov.com\/en\/wp-json\/wp\/v2\/media?parent=2115"}],"curies":[{"name":"wp","href":"https:\/\/api.w.org\/{rel}","templated":true}]}}