{"id":1985,"date":"2024-05-19T07:08:56","date_gmt":"2024-05-19T07:08:56","guid":{"rendered":"https:\/\/vinabedalov.com\/?page_id=1985"},"modified":"2025-06-12T22:01:40","modified_gmt":"2025-06-12T20:01:40","slug":"o-nama","status":"publish","type":"page","link":"https:\/\/vinabedalov.com\/en\/o-nama\/","title":{"rendered":"About us"},"content":{"rendered":"<div class=\"wp-block-cover alignfull wp-duotone-unset-1\" style=\"min-height:541px;aspect-ratio:unset;\"><img fetchpriority=\"high\" decoding=\"async\" width=\"1024\" height=\"683\" class=\"wp-block-cover__image-background wp-image-3491 size-large\" alt=\"\" src=\"https:\/\/vinabedalov.com\/wp-content\/uploads\/2025\/06\/SAM_7969-scaled-1-1024x683.jpg\" data-object-fit=\"cover\" srcset=\"https:\/\/vinabedalov.com\/wp-content\/uploads\/2025\/06\/SAM_7969-scaled-1-1024x683.jpg 1024w, https:\/\/vinabedalov.com\/wp-content\/uploads\/2025\/06\/SAM_7969-scaled-1-300x200.jpg 300w, https:\/\/vinabedalov.com\/wp-content\/uploads\/2025\/06\/SAM_7969-scaled-1-768x512.jpg 768w, https:\/\/vinabedalov.com\/wp-content\/uploads\/2025\/06\/SAM_7969-scaled-1-1536x1024.jpg 1536w, https:\/\/vinabedalov.com\/wp-content\/uploads\/2025\/06\/SAM_7969-scaled-1-18x12.jpg 18w, https:\/\/vinabedalov.com\/wp-content\/uploads\/2025\/06\/SAM_7969-scaled-1.jpg 1920w\" sizes=\"(max-width: 1024px) 100vw, 1024px\" \/><span aria-hidden=\"true\" class=\"wp-block-cover__background has-ast-global-color-3-background-color has-background-dim-70 has-background-dim\"><\/span><div class=\"wp-block-cover__inner-container is-layout-flow wp-block-cover-is-layout-flow\">\n<h2 class=\"wp-block-heading alignwide has-text-align-center has-ast-global-color-0-color has-text-color\" style=\"margin-top:var(--wp--preset--spacing--70);margin-right:var(--wp--preset--spacing--70);margin-bottom:var(--wp--preset--spacing--70);margin-left:var(--wp--preset--spacing--70);padding-top:0;padding-right:0;padding-bottom:0;padding-left:0;font-size:35px\"><strong><em>Winery Bedalov<\/em><\/strong><\/h2>\n<\/div><\/div>\n\n\n\n<div class=\"wp-block-uagb-container uagb-block-9fa5ef6f alignfull uagb-is-root-container\">\n<div class=\"wp-block-uagb-container uagb-block-b94c745c alignfull uagb-is-root-container\"><div class=\"uagb-container-inner-blocks-wrap\">\n<div class=\"wp-block-uagb-container uagb-block-e17a690a\">\n<div class=\"wp-block-uagb-image aligncenter uagb-block-892fa35b wp-block-uagb-image--layout-default wp-block-uagb-image--effect-zoomin wp-block-uagb-image--align-center\"><figure class=\"wp-block-uagb-image__figure\"><img loading=\"lazy\" decoding=\"async\" srcset=\"https:\/\/vinabedalov.com\/wp-content\/uploads\/2024\/05\/3-768x1024.png ,https:\/\/vinabedalov.com\/wp-content\/uploads\/2024\/05\/3.png 780w, https:\/\/vinabedalov.com\/wp-content\/uploads\/2024\/05\/3-768x1024.png 360w\" sizes=\"auto, (max-width: 480px) 150px\" src=\"https:\/\/vinabedalov.com\/wp-content\/uploads\/2024\/05\/3-768x1024.png\" alt=\"\" class=\"uag-image-2183\" width=\"768\" height=\"1024\" title=\"\" role=\"presentation\"\/><\/figure><\/div>\n<\/div>\n\n\n\n<div class=\"wp-block-uagb-container uagb-block-73b0195f\">\n<div class=\"wp-block-uagb-advanced-heading uagb-block-fd42a28a\"><h6 class=\"uagb-heading-text\"><strong>Meet Winemaker:<\/strong><\/h6><\/div>\n\n\n\n<div class=\"wp-block-uagb-advanced-heading uagb-block-58188f3a\"><h2 class=\"uagb-heading-text\"><em><em>BLENDING TRADITION WITH INNOVATION<\/em><\/em><\/h2><div class=\"uagb-separator\"><\/div><\/div>\n\n\n\n<p class=\"has-text-align-left\" style=\"margin-right:var(--wp--preset--spacing--20);margin-left:var(--wp--preset--spacing--20);padding-right:var(--wp--preset--spacing--20);padding-left:var(--wp--preset--spacing--20)\">Our winemaker, Jak\u0161a, carries a legacy of generations. He meticulously nurtures indigenous grapes in sun-drenched Ka\u0161tela, championing minimal intervention to let the land and varietals shine. Jak\u0161a oversees every vine, ensuring only the finest fruit reaches the barrel. His dedication extends beyond the vineyard - our family joins him in every step, from harvest to bottling, crafting exceptional wines that honor our heritage.<\/p>\n<\/div>\n<\/div><\/div>\n<\/div>\n\n\n\n<div class=\"wp-block-uagb-container uagb-block-91b00d70 alignfull uagb-is-root-container\">\n<div class=\"wp-block-uagb-container uagb-block-711fc19d alignfull uagb-is-root-container\"><div class=\"uagb-container-inner-blocks-wrap\">\n<div class=\"wp-block-uagb-container uagb-block-2913b7f0\">\n<div class=\"wp-block-uagb-advanced-heading uagb-block-6058667a\"><h6 class=\"uagb-heading-text\"><strong>A Little Words About Us<\/strong><\/h6><\/div>\n\n\n\n<div class=\"wp-block-uagb-advanced-heading uagb-block-78931c99\"><h2 class=\"uagb-heading-text\"><em><strong><em>A Legacy Rooted in the Land<\/em><\/strong><\/em><\/h2><div class=\"uagb-separator\"><\/div><p class=\"uagb-desc-text\">For generations, the Bedalov family's heart has been rooted in the land. Wine wasn't just a drink in Dalmatia, it was the lifeblood that flowed through every day. Inspired by the breathtaking beauty of our vineyards, we've become stewards of this place, meticulously preserving the land and the indigenous grapes that flourish here. This passion is our legacy, ensuring this timeless tradition continues to enrich lives for generations to come.<\/p><\/div>\n<\/div>\n\n\n\n<div class=\"wp-block-uagb-container uagb-block-ebce0a3f\">\n<div class=\"wp-block-uagb-image uagb-block-72aac24c wp-block-uagb-image--layout-default wp-block-uagb-image--effect-zoomin wp-block-uagb-image--align-none\"><figure class=\"wp-block-uagb-image__figure\"><img loading=\"lazy\" decoding=\"async\" srcset=\"https:\/\/vinabedalov.com\/wp-content\/uploads\/2025\/06\/20240316_104824-scaled-e1717021114219-687x1024.jpg ,https:\/\/vinabedalov.com\/wp-content\/uploads\/2025\/06\/20240316_104824-scaled-e1717021114219.jpg 780w, https:\/\/vinabedalov.com\/wp-content\/uploads\/2025\/06\/20240316_104824-scaled-e1717021114219.jpg 360w\" sizes=\"auto, (max-width: 480px) 150px\" src=\"https:\/\/vinabedalov.com\/wp-content\/uploads\/2025\/06\/20240316_104824-scaled-e1717021114219-687x1024.jpg\" alt=\"\" class=\"uag-image-3493\" width=\"687\" height=\"1024\" title=\"\" role=\"presentation\"\/><\/figure><\/div>\n<\/div>\n<\/div><\/div>\n<\/div>\n\n\n\n<div class=\"wp-block-uagb-container uagb-block-f654abd8 alignfull uagb-is-root-container\">\n<div class=\"wp-block-uagb-container uagb-block-434f1e0a alignfull uagb-is-root-container\"><div class=\"uagb-container-inner-blocks-wrap\">\n<div class=\"wp-block-uagb-container uagb-block-777e8206\">\n<div class=\"wp-block-uagb-image aligncenter uagb-block-822e6f9d wp-block-uagb-image--layout-default wp-block-uagb-image--effect-static wp-block-uagb-image--align-center\"><figure class=\"wp-block-uagb-image__figure\"><img loading=\"lazy\" decoding=\"async\" srcset=\"https:\/\/vinabedalov.com\/wp-content\/uploads\/2024\/05\/Jakov-2-768x1024.png ,https:\/\/vinabedalov.com\/wp-content\/uploads\/2024\/05\/Jakov-2.png 780w, https:\/\/vinabedalov.com\/wp-content\/uploads\/2024\/05\/Jakov-2.png 360w\" sizes=\"auto, (max-width: 480px) 150px\" src=\"https:\/\/vinabedalov.com\/wp-content\/uploads\/2024\/05\/Jakov-2-768x1024.png\" alt=\"\" class=\"uag-image-2222\" width=\"768\" height=\"1024\" title=\"Jakov (2)\" role=\"img\"\/><\/figure><\/div>\n<\/div>\n\n\n\n<div class=\"wp-block-uagb-container uagb-block-38f3bbf3\">\n<div class=\"wp-block-uagb-advanced-heading uagb-block-4276249c\"><h6 class=\"uagb-heading-text\"><em><em><strong><em>FAMILY WORK<\/em><\/strong><\/em><\/em><\/h6><\/div>\n\n\n\n<div class=\"wp-block-uagb-advanced-heading uagb-block-35bee99c\"><h2 class=\"uagb-heading-text\"><em><em><strong><em>THE HEART OF THE BEDALOV WINERY<\/em><\/strong><\/em><\/em><\/h2><div class=\"uagb-separator\"><\/div><\/div>\n\n\n\n<p style=\"padding-right:var(--wp--preset--spacing--20);padding-left:var(--wp--preset--spacing--20)\">At Bedalov Winery, the experience goes far beyond exceptional wines. It's a celebration of our enduring family legacy. For generations, viticulture has been our passion. Today, two generations work side-by-side, sharing the dedication and satisfaction that come with crafting distinctive wines. Our close bond fosters a warm, intimate atmosphere within the winery, where every step, from vineyard to table, reflects our unwavering commitment to quality.<\/p>\n\n\n\n<p style=\"padding-right:var(--wp--preset--spacing--20);padding-left:var(--wp--preset--spacing--20)\">As our guest, you'll be welcomed into the Bedalov family, experiencing the warmth and passion that flows into every bottle we share.<\/p>\n<\/div>\n<\/div><\/div>\n<\/div>\n\n\n\n<div class=\"wp-block-uagb-container uagb-block-2c52ada1 alignfull uagb-is-root-container\">\n<div class=\"wp-block-uagb-container uagb-block-023c2712\">\n<div class=\"wp-block-uagb-info-box uagb-block-9a36c63d uagb-infobox__content-wrap  uagb-infobox_cta-type-all uagb-infobox-icon-above-title uagb-infobox-image-valign-top\"><a href=\"\" class=\"uagb-infobox-link-wrap uagb-infbox__link-to-all\" target=\"_self\" aria-label=\"Infobox Link\" rel=\"noopener noreferrer\" onclick=\"return false;\"><\/a><div class=\"uagb-ifb-content\"><div class=\"uagb-ifb-title-wrap\"><h2 class=\"uagb-ifb-title\"><br><strong>Discover Your Perfect Wine tasting<\/strong><\/h2><\/div><p class=\"uagb-ifb-desc\"><br><strong><strong><em><br><\/em>From individual glasses to guided journeys, craft your ideal tasting experience.<\/strong><br><\/strong><\/p><div class=\"uagb-ifb-button-wrapper wp-block-button\"><\/div><\/div><\/div>\n\n\n\n<div class=\"wp-block-buttons is-content-justification-center is-layout-flex wp-container-core-buttons-is-layout-a89b3969 wp-block-buttons-is-layout-flex\">\n<div class=\"wp-block-button\"><a class=\"wp-block-button__link has-ast-global-color-5-color has-ast-global-color-6-background-color has-text-color has-background has-link-color wp-element-button\" href=\"https:\/\/vinabedalov.com\/en\/kusanje-vina\/\">Book now<\/a><\/div>\n<\/div>\n<\/div>\n<\/div>","protected":false},"excerpt":{"rendered":"<p>UPOZNAJTE VINARA SPOJ TRADICIJE I INOVACIJE Na\u0161 vinar Jak\u0161a, njeguju\u0107i autohtone sorte gro\u017e\u0111a u sun\u010danim Ka\u0161telima ustrajno odr\u017eava obiteljsku tradiciju proizvodnje vina. Jak\u0161a vjeruje kako se izvrsna vina stvaraju prvenstveno u vinogradu. On i \u010dlanovi obitelji se brinu za svako zrno gro\u017e\u0111a u vinogradima i svako vino koje se kreira. Svaki grozd ru\u010dno uberu \u010dlanovi [&hellip;]<\/p>\n","protected":false},"author":1,"featured_media":0,"parent":0,"menu_order":0,"comment_status":"closed","ping_status":"closed","template":"elementor_header_footer","meta":{"_uag_custom_page_level_css":"","site-sidebar-layout":"default","site-content-layout":"","ast-site-content-layout":"default","site-content-style":"default","site-sidebar-style":"default","ast-global-header-display":"","ast-banner-title-visibility":"","ast-main-header-display":"","ast-hfb-above-header-display":"","ast-hfb-below-header-display":"","ast-hfb-mobile-header-display":"","site-post-title":"disabled","ast-breadcrumbs-content":"","ast-featured-img":"","footer-sml-layout":"","theme-transparent-header-meta":"","adv-header-id-meta":"","stick-header-meta":"","header-above-stick-meta":"","header-main-stick-meta":"","header-below-stick-meta":"","astra-migrate-meta-layouts":"set","ast-page-background-enabled":"default","ast-page-background-meta":{"desktop":{"background-color":"","background-image":"","background-repeat":"repeat","background-position":"center center","background-size":"auto","background-attachment":"scroll","background-type":"","background-media":"","overlay-type":"","overlay-color":"","overlay-opacity":"","overlay-gradient":""},"tablet":{"background-color":"","background-image":"","background-repeat":"repeat","background-position":"center center","background-size":"auto","background-attachment":"scroll","background-type":"","background-media":"","overlay-type":"","overlay-color":"","overlay-opacity":"","overlay-gradient":""},"mobile":{"background-color":"","background-image":"","background-repeat":"repeat","background-position":"center center","background-size":"auto","background-attachment":"scroll","background-type":"","background-media":"","overlay-type":"","overlay-color":"","overlay-opacity":"","overlay-gradient":""}},"ast-content-background-meta":{"desktop":{"background-color":"var(--ast-global-color-5)","background-image":"","background-repeat":"repeat","background-position":"center center","background-size":"auto","background-attachment":"scroll","background-type":"","background-media":"","overlay-type":"","overlay-color":"","overlay-opacity":"","overlay-gradient":""},"tablet":{"background-color":"var(--ast-global-color-5)","background-image":"","background-repeat":"repeat","background-position":"center center","background-size":"auto","background-attachment":"scroll","background-type":"","background-media":"","overlay-type":"","overlay-color":"","overlay-opacity":"","overlay-gradient":""},"mobile":{"background-color":"var(--ast-global-color-5)","background-image":"","background-repeat":"repeat","background-position":"center center","background-size":"auto","background-attachment":"scroll","background-type":"","background-media":"","overlay-type":"","overlay-color":"","overlay-opacity":"","overlay-gradient":""}},"footnotes":""},"class_list":["post-1985","page","type-page","status-publish","hentry"],"uagb_featured_image_src":{"full":false,"thumbnail":false,"medium":false,"medium_large":false,"large":false,"1536x1536":false,"2048x2048":false,"trp-custom-language-flag":false},"uagb_author_info":{"display_name":"dina","author_link":"https:\/\/vinabedalov.com\/en\/author\/dina\/"},"uagb_comment_info":0,"uagb_excerpt":"UPOZNAJTE VINARA SPOJ TRADICIJE I INOVACIJE Na\u0161 vinar Jak\u0161a, njeguju\u0107i autohtone sorte gro\u017e\u0111a u sun\u010danim Ka\u0161telima ustrajno odr\u017eava obiteljsku tradiciju proizvodnje vina. Jak\u0161a vjeruje kako se izvrsna vina stvaraju prvenstveno u vinogradu. On i \u010dlanovi obitelji se brinu za svako zrno gro\u017e\u0111a u vinogradima i svako vino koje se kreira. Svaki grozd ru\u010dno uberu \u010dlanovi&hellip;","_links":{"self":[{"href":"https:\/\/vinabedalov.com\/en\/wp-json\/wp\/v2\/pages\/1985","targetHints":{"allow":["GET"]}}],"collection":[{"href":"https:\/\/vinabedalov.com\/en\/wp-json\/wp\/v2\/pages"}],"about":[{"href":"https:\/\/vinabedalov.com\/en\/wp-json\/wp\/v2\/types\/page"}],"author":[{"embeddable":true,"href":"https:\/\/vinabedalov.com\/en\/wp-json\/wp\/v2\/users\/1"}],"replies":[{"embeddable":true,"href":"https:\/\/vinabedalov.com\/en\/wp-json\/wp\/v2\/comments?post=1985"}],"version-history":[{"count":3,"href":"https:\/\/vinabedalov.com\/en\/wp-json\/wp\/v2\/pages\/1985\/revisions"}],"predecessor-version":[{"id":3495,"href":"https:\/\/vinabedalov.com\/en\/wp-json\/wp\/v2\/pages\/1985\/revisions\/3495"}],"wp:attachment":[{"href":"https:\/\/vinabedalov.com\/en\/wp-json\/wp\/v2\/media?parent=1985"}],"curies":[{"name":"wp","href":"https:\/\/api.w.org\/{rel}","templated":true}]}}